{"id":16705,"date":"2025-01-28T18:55:09","date_gmt":"2025-01-28T18:55:09","guid":{"rendered":"https:\/\/animebuzz.com.br\/buzz15anos\/?page_id=16705"},"modified":"2025-03-13T22:57:53","modified_gmt":"2025-03-13T22:57:53","slug":"beneficios-vip","status":"publish","type":"page","link":"https:\/\/animebuzz.com.br\/buzzcaxias\/beneficios-vip\/","title":{"rendered":"Benef\u00edcios VIP"},"content":{"rendered":"\t\t<div data-elementor-type=\"wp-page\" data-elementor-id=\"16705\" class=\"elementor elementor-16705\">\n\t\t\t\t        <section class=\"elementor-section elementor-top-section elementor-element elementor-element-c36fabd elementor-section-boxed elementor-section-height-default elementor-section-height-default pxl-row-scroll-none pxl-section-overflow-visible pxl-bg-color-none pxl-section-overlay-none\" data-id=\"c36fabd\" data-element_type=\"section\" data-settings=\"{&quot;background_background&quot;:&quot;classic&quot;}\">\n\n                            <div class=\"elementor-background-overlay\"><\/div>\n            \n                <div class=\"elementor-container elementor-column-gap-default \">\n                <div class=\"elementor-column elementor-col-100 elementor-top-column elementor-element elementor-element-e714fa3 pxl-column-none pxl-column-overflow-hidden-no\" data-id=\"e714fa3\" data-element_type=\"column\">\r\n        <div class=\"elementor-widget-wrap elementor-element-populated\">\r\n                     \r\n        \t\t<div class=\"elementor-element elementor-element-1482e8a elementor-widget elementor-widget-spacer\" data-id=\"1482e8a\" data-element_type=\"widget\" data-widget_type=\"spacer.default\">\n\t\t\t\t<div class=\"elementor-widget-container\">\n\t\t\t\t\t\t\t<div class=\"elementor-spacer\">\n\t\t\t<div class=\"elementor-spacer-inner\"><\/div>\n\t\t<\/div>\n\t\t\t\t\t\t<\/div>\n\t\t\t\t<\/div>\n\t\t\t\t<div class=\"elementor-element elementor-element-8abcd9d elementor-widget elementor-widget-spacer\" data-id=\"8abcd9d\" data-element_type=\"widget\" data-widget_type=\"spacer.default\">\n\t\t\t\t<div class=\"elementor-widget-container\">\n\t\t\t\t\t\t\t<div class=\"elementor-spacer\">\n\t\t\t<div class=\"elementor-spacer-inner\"><\/div>\n\t\t<\/div>\n\t\t\t\t\t\t<\/div>\n\t\t\t\t<\/div>\n\t\t\t\t<div class=\"elementor-element elementor-element-3c77fa4 elementor-widget elementor-widget-image\" data-id=\"3c77fa4\" data-element_type=\"widget\" data-widget_type=\"image.default\">\n\t\t\t\t<div class=\"elementor-widget-container\">\n\t\t\t\t\t\t\t\t\t\t\t\t\t\t\t<img fetchpriority=\"high\" decoding=\"async\" width=\"692\" height=\"192\" src=\"https:\/\/animebuzz.com.br\/buzzcaxias\/wp-content\/uploads\/2025\/01\/beneficios-ingresso-vip.png\" class=\"attachment-large size-large wp-image-16876\" alt=\"\" srcset=\"https:\/\/animebuzz.com.br\/buzzcaxias\/wp-content\/uploads\/2025\/01\/beneficios-ingresso-vip.png 692w, https:\/\/animebuzz.com.br\/buzzcaxias\/wp-content\/uploads\/2025\/01\/beneficios-ingresso-vip-300x83.png 300w, https:\/\/animebuzz.com.br\/buzzcaxias\/wp-content\/uploads\/2025\/01\/beneficios-ingresso-vip-600x166.png 600w\" sizes=\"(max-width: 692px) 100vw, 692px\" \/>\t\t\t\t\t\t\t\t\t\t\t\t\t\t\t<\/div>\n\t\t\t\t<\/div>\n\t\t\t\t<div class=\"elementor-element elementor-element-14da07b elementor-widget elementor-widget-text-editor\" data-id=\"14da07b\" data-element_type=\"widget\" data-widget_type=\"text-editor.default\">\n\t\t\t\t<div class=\"elementor-widget-container\">\n\t\t\t\t\t\t\t\t\t<ol>\n<li>Sala VIP exclusiva;<\/li>\n<li>Cord\u00e3o e credencial colecion\u00e1vel com arte exclusiva 15 anos do Buzz;<\/li>\n<li>Espa\u00e7o reservado na frente do palco principal;<\/li>\n<li>Conhecer os nossos convidados especiais de pertinho, al\u00e9m de ter acesso \u00e0 sess\u00e3o de foto exclusiva com eles<\/li>\n<li>Arena exclusiva de games by Thunder EXP;<\/li>\n<li>Espa\u00e7o de descanso com sof\u00e1s e puffs;<\/li>\n<li>Entrada priorit\u00e1ria no evento;<\/li>\n<li>Desconto em lojas parceiras;<\/li>\n<li>Alimenta\u00e7\u00e3o exclusiva com salgadinhos e bebidas;<\/li><li>DESCONTOS LOJAS PARA OS VIPS<br>NERDZ: 10% <br>BANCA DO LIVRO: 10%<br>IGS 7% de desconto<br>FELICITY&nbsp; &#8211; 10% acima de compras 50reais<\/li><\/ol>\t\t\t\t\t\t\t\t<\/div>\n\t\t\t\t<\/div>\n\t\t\t\t<div class=\"elementor-element elementor-element-5f2362d elementor-widget elementor-widget-spacer\" data-id=\"5f2362d\" data-element_type=\"widget\" data-widget_type=\"spacer.default\">\n\t\t\t\t<div class=\"elementor-widget-container\">\n\t\t\t\t\t\t\t<div class=\"elementor-spacer\">\n\t\t\t<div class=\"elementor-spacer-inner\"><\/div>\n\t\t<\/div>\n\t\t\t\t\t\t<\/div>\n\t\t\t\t<\/div>\n\t\t\t\t<div class=\"elementor-element elementor-element-c9b6f1e elementor-align-center elementor-widget elementor-widget-pxl_button\" data-id=\"c9b6f1e\" data-element_type=\"widget\" data-widget_type=\"pxl_button.default\">\n\t\t\t\t<div class=\"elementor-widget-container\">\n\t\t\t\t\t \r\n<div id=\"pxl-pxl_button-c9b6f1e-7881\" class=\"pxl-button \" data-wow-delay=\"ms\">\r\n    \r\n    <a href=\"https:\/\/minhaentrada.com.br\/evento\/anime-buzz-25001\" \r\n       class=\"btn btn-style-1  pxl-icon-active  pxl-icon--left\" data-text=\"GARANTA SEU INGRESSO\"  data-wow-delay=\"ms\">\r\n       \r\n                                <span class=\"pxl--btn-text\" data-text=\"GARANTA SEU INGRESSO\">\r\n                GARANTA SEU INGRESSO            <\/span>\r\n            <\/a>\r\n  \r\n<\/div>\r\n\t\t\t\t<\/div>\n\t\t\t\t<\/div>\n\t\t\t\t<div class=\"elementor-element elementor-element-9c7fb6e elementor-widget elementor-widget-spacer\" data-id=\"9c7fb6e\" data-element_type=\"widget\" data-widget_type=\"spacer.default\">\n\t\t\t\t<div class=\"elementor-widget-container\">\n\t\t\t\t\t\t\t<div class=\"elementor-spacer\">\n\t\t\t<div class=\"elementor-spacer-inner\"><\/div>\n\t\t<\/div>\n\t\t\t\t\t\t<\/div>\n\t\t\t\t<\/div>\n\t\t            <\/div>\r\n        <\/div>\r\n        \t\t\t<\/div>\n\t\t<\/section>\n\t\t\t\t<\/div>\n\t\t","protected":false},"excerpt":{"rendered":"<p>Sala VIP exclusiva; Cord\u00e3o e credencial colecion\u00e1vel com arte exclusiva 15 anos do Buzz; Espa\u00e7o reservado na frente do palco principal; Conhecer os nossos convidados especiais de pertinho, al\u00e9m de ter acesso \u00e0 sess\u00e3o de foto exclusiva com eles Arena exclusiva de games by Thunder EXP; Espa\u00e7o de descanso com sof\u00e1s e puffs; Entrada priorit\u00e1ria [&hellip;]<\/p>\n","protected":false},"author":1,"featured_media":0,"parent":0,"menu_order":0,"comment_status":"closed","ping_status":"closed","template":"","meta":{"om_disable_all_campaigns":false,"_monsterinsights_skip_tracking":false,"_monsterinsights_sitenote_active":false,"_monsterinsights_sitenote_note":"","_monsterinsights_sitenote_category":0,"footnotes":""},"class_list":["post-16705","page","type-page","status-publish","hentry"],"aioseo_notices":[],"_links":{"self":[{"href":"https:\/\/animebuzz.com.br\/buzzcaxias\/wp-json\/wp\/v2\/pages\/16705","targetHints":{"allow":["GET"]}}],"collection":[{"href":"https:\/\/animebuzz.com.br\/buzzcaxias\/wp-json\/wp\/v2\/pages"}],"about":[{"href":"https:\/\/animebuzz.com.br\/buzzcaxias\/wp-json\/wp\/v2\/types\/page"}],"author":[{"embeddable":true,"href":"https:\/\/animebuzz.com.br\/buzzcaxias\/wp-json\/wp\/v2\/users\/1"}],"replies":[{"embeddable":true,"href":"https:\/\/animebuzz.com.br\/buzzcaxias\/wp-json\/wp\/v2\/comments?post=16705"}],"version-history":[{"count":31,"href":"https:\/\/animebuzz.com.br\/buzzcaxias\/wp-json\/wp\/v2\/pages\/16705\/revisions"}],"predecessor-version":[{"id":17745,"href":"https:\/\/animebuzz.com.br\/buzzcaxias\/wp-json\/wp\/v2\/pages\/16705\/revisions\/17745"}],"wp:attachment":[{"href":"https:\/\/animebuzz.com.br\/buzzcaxias\/wp-json\/wp\/v2\/media?parent=16705"}],"curies":[{"name":"wp","href":"https:\/\/api.w.org\/{rel}","templated":true}]}}