{"id":17318,"date":"2025-01-31T13:50:01","date_gmt":"2025-01-31T13:50:01","guid":{"rendered":"https:\/\/animebuzz.com.br\/buzz15anos\/?page_id=17318"},"modified":"2025-07-29T19:02:47","modified_gmt":"2025-07-29T19:02:47","slug":"lojas-comerciais","status":"publish","type":"page","link":"https:\/\/animebuzz.com.br\/buzzcaxias\/lojas-comerciais\/","title":{"rendered":"Lojas Comerciais"},"content":{"rendered":"\t\t<div data-elementor-type=\"wp-page\" data-elementor-id=\"17318\" class=\"elementor elementor-17318\">\n\t\t\t\t        <section class=\"elementor-section elementor-top-section elementor-element elementor-element-e5a267b elementor-section-boxed elementor-section-height-default elementor-section-height-default pxl-row-scroll-none pxl-section-overflow-visible pxl-bg-color-none pxl-section-overlay-none\" data-id=\"e5a267b\" data-element_type=\"section\" data-settings=\"{&quot;background_background&quot;:&quot;classic&quot;}\">\n\n                            <div class=\"elementor-background-overlay\"><\/div>\n            \n                <div class=\"elementor-container elementor-column-gap-default \">\n                <div class=\"elementor-column elementor-col-100 elementor-top-column elementor-element elementor-element-d626c97 pxl-column-none pxl-column-overflow-hidden-no\" data-id=\"d626c97\" data-element_type=\"column\" data-settings=\"{&quot;background_background&quot;:&quot;classic&quot;}\">\r\n        <div class=\"elementor-widget-wrap elementor-element-populated\">\r\n                                <div class=\"elementor-background-overlay\"><\/div>\r\n         \r\n        \t\t<div class=\"elementor-element elementor-element-8abcd9d elementor-widget elementor-widget-spacer\" data-id=\"8abcd9d\" data-element_type=\"widget\" data-widget_type=\"spacer.default\">\n\t\t\t\t<div class=\"elementor-widget-container\">\n\t\t\t\t\t\t\t<div class=\"elementor-spacer\">\n\t\t\t<div class=\"elementor-spacer-inner\"><\/div>\n\t\t<\/div>\n\t\t\t\t\t\t<\/div>\n\t\t\t\t<\/div>\n\t\t\t\t<div class=\"elementor-element elementor-element-3c77fa4 elementor-widget elementor-widget-image\" data-id=\"3c77fa4\" data-element_type=\"widget\" data-widget_type=\"image.default\">\n\t\t\t\t<div class=\"elementor-widget-container\">\n\t\t\t\t\t\t\t\t\t\t\t\t\t\t\t<img fetchpriority=\"high\" decoding=\"async\" width=\"1024\" height=\"115\" src=\"https:\/\/animebuzz.com.br\/buzzcaxias\/wp-content\/uploads\/2025\/01\/lojas-confirmadas-1024x115.png\" class=\"attachment-large size-large wp-image-17321\" alt=\"\" srcset=\"https:\/\/animebuzz.com.br\/buzzcaxias\/wp-content\/uploads\/2025\/01\/lojas-confirmadas-1024x115.png 1024w, https:\/\/animebuzz.com.br\/buzzcaxias\/wp-content\/uploads\/2025\/01\/lojas-confirmadas-300x34.png 300w, https:\/\/animebuzz.com.br\/buzzcaxias\/wp-content\/uploads\/2025\/01\/lojas-confirmadas-768x87.png 768w, https:\/\/animebuzz.com.br\/buzzcaxias\/wp-content\/uploads\/2025\/01\/lojas-confirmadas-1170x132.png 1170w, https:\/\/animebuzz.com.br\/buzzcaxias\/wp-content\/uploads\/2025\/01\/lojas-confirmadas-600x68.png 600w, https:\/\/animebuzz.com.br\/buzzcaxias\/wp-content\/uploads\/2025\/01\/lojas-confirmadas.png 1206w\" sizes=\"(max-width: 1024px) 100vw, 1024px\" \/>\t\t\t\t\t\t\t\t\t\t\t\t\t\t\t<\/div>\n\t\t\t\t<\/div>\n\t\t\t\t<div class=\"elementor-element elementor-element-e8cc8cf elementor-widget elementor-widget-spacer\" data-id=\"e8cc8cf\" data-element_type=\"widget\" data-widget_type=\"spacer.default\">\n\t\t\t\t<div class=\"elementor-widget-container\">\n\t\t\t\t\t\t\t<div class=\"elementor-spacer\">\n\t\t\t<div class=\"elementor-spacer-inner\"><\/div>\n\t\t<\/div>\n\t\t\t\t\t\t<\/div>\n\t\t\t\t<\/div>\n\t\t\t\t<div class=\"elementor-element elementor-element-d968da3 elementor-widget elementor-widget-pxl_text_editor\" data-id=\"d968da3\" data-element_type=\"widget\" data-widget_type=\"pxl_text_editor.default\">\n\t\t\t\t<div class=\"elementor-widget-container\">\n\t\t\t\t\t<div class=\"pxl-text-editor\">\n\t<div class=\"pxl-item--inner \" data-wow-delay=\"ms\">\n\t\t<p><span style=\"color: #000000\">Conhe\u00e7a as lojas que estar\u00e3o na edi\u00e7\u00e3o Caxias do Sul do Anime Buzz!<\/span><\/p><p>S\u00e3o diversas lojas com diversos produtos do mundo geek, pop e gamer! Se voc\u00ea lojista\u00a0 quer expor seus produtos para nosso p\u00fablico, entre em contato conosco atrav\u00e9s do e-mail contato@animebuzz.com.br .<\/p>\t\t\n\t<\/div>\n<\/div>\t\t\t\t<\/div>\n\t\t\t\t<\/div>\n\t\t\t\t<div class=\"elementor-element elementor-element-3e0f4f6 elementor-widget elementor-widget-spacer\" data-id=\"3e0f4f6\" data-element_type=\"widget\" data-widget_type=\"spacer.default\">\n\t\t\t\t<div class=\"elementor-widget-container\">\n\t\t\t\t\t\t\t<div class=\"elementor-spacer\">\n\t\t\t<div class=\"elementor-spacer-inner\"><\/div>\n\t\t<\/div>\n\t\t\t\t\t\t<\/div>\n\t\t\t\t<\/div>\n\t\t            <\/div>\r\n        <\/div>\r\n        \t\t\t<\/div>\n\t\t<\/section>\n\t\t        <section class=\"elementor-section elementor-top-section elementor-element elementor-element-c894b30 elementor-section-boxed elementor-section-height-default elementor-section-height-default pxl-row-scroll-none pxl-section-overflow-visible pxl-bg-color-none pxl-section-overlay-none\" data-id=\"c894b30\" data-element_type=\"section\" data-settings=\"{&quot;background_background&quot;:&quot;classic&quot;}\">\n\n                            <div class=\"elementor-background-overlay\"><\/div>\n            \n                <div class=\"elementor-container elementor-column-gap-default \">\n                <div class=\"elementor-column elementor-col-100 elementor-top-column elementor-element elementor-element-9459b79 pxl-column-none pxl-column-overflow-hidden-no\" data-id=\"9459b79\" data-element_type=\"column\">\r\n        <div class=\"elementor-widget-wrap elementor-element-populated\">\r\n                     \r\n        \t\t<div class=\"elementor-element elementor-element-f0e3c95 elementor-widget elementor-widget-spacer\" data-id=\"f0e3c95\" data-element_type=\"widget\" data-widget_type=\"spacer.default\">\n\t\t\t\t<div class=\"elementor-widget-container\">\n\t\t\t\t\t\t\t<div class=\"elementor-spacer\">\n\t\t\t<div class=\"elementor-spacer-inner\"><\/div>\n\t\t<\/div>\n\t\t\t\t\t\t<\/div>\n\t\t\t\t<\/div>\n\t\t\t\t<div class=\"elementor-element elementor-element-4c0f7e7 elementor-align-center elementor-widget elementor-widget-pxl_button\" data-id=\"4c0f7e7\" data-element_type=\"widget\" data-widget_type=\"pxl_button.default\">\n\t\t\t\t<div class=\"elementor-widget-container\">\n\t\t\t\t\t \r\n<div id=\"pxl-pxl_button-4c0f7e7-5414\" class=\"pxl-button \" data-wow-delay=\"ms\">\r\n    \r\n    <a href=\"https:\/\/ecommerce.sesc-rs.com.br\/ecommerce.catalogoprodutos.aspx?CLT,0,0,0,,\" \r\n       class=\"btn btn-style-1  pxl-icon-active  pxl-icon--left\" data-text=\"GARANTA SEU INGRESSO\"  data-wow-delay=\"ms\">\r\n       \r\n                                <span class=\"pxl--btn-text\" data-text=\"GARANTA SEU INGRESSO\">\r\n                GARANTA SEU INGRESSO            <\/span>\r\n            <\/a>\r\n  \r\n<\/div>\r\n\t\t\t\t<\/div>\n\t\t\t\t<\/div>\n\t\t\t\t<div class=\"elementor-element elementor-element-9c7fb6e elementor-widget elementor-widget-spacer\" data-id=\"9c7fb6e\" data-element_type=\"widget\" data-widget_type=\"spacer.default\">\n\t\t\t\t<div class=\"elementor-widget-container\">\n\t\t\t\t\t\t\t<div class=\"elementor-spacer\">\n\t\t\t<div class=\"elementor-spacer-inner\"><\/div>\n\t\t<\/div>\n\t\t\t\t\t\t<\/div>\n\t\t\t\t<\/div>\n\t\t            <\/div>\r\n        <\/div>\r\n        \t\t\t<\/div>\n\t\t<\/section>\n\t\t\t\t<\/div>\n\t\t","protected":false},"excerpt":{"rendered":"<p>Conhe\u00e7a as lojas que estar\u00e3o na edi\u00e7\u00e3o Caxias do Sul do Anime Buzz! S\u00e3o diversas lojas com diversos produtos do mundo geek, pop e gamer! Se voc\u00ea lojista\u00a0 quer expor seus produtos para nosso p\u00fablico, entre em contato conosco atrav\u00e9s do e-mail contato@animebuzz.com.br . GARANTA SEU INGRESSO<\/p>\n","protected":false},"author":1,"featured_media":0,"parent":0,"menu_order":0,"comment_status":"closed","ping_status":"closed","template":"","meta":{"om_disable_all_campaigns":false,"_monsterinsights_skip_tracking":false,"_monsterinsights_sitenote_active":false,"_monsterinsights_sitenote_note":"","_monsterinsights_sitenote_category":0,"footnotes":""},"class_list":["post-17318","page","type-page","status-publish","hentry"],"aioseo_notices":[],"_links":{"self":[{"href":"https:\/\/animebuzz.com.br\/buzzcaxias\/wp-json\/wp\/v2\/pages\/17318","targetHints":{"allow":["GET"]}}],"collection":[{"href":"https:\/\/animebuzz.com.br\/buzzcaxias\/wp-json\/wp\/v2\/pages"}],"about":[{"href":"https:\/\/animebuzz.com.br\/buzzcaxias\/wp-json\/wp\/v2\/types\/page"}],"author":[{"embeddable":true,"href":"https:\/\/animebuzz.com.br\/buzzcaxias\/wp-json\/wp\/v2\/users\/1"}],"replies":[{"embeddable":true,"href":"https:\/\/animebuzz.com.br\/buzzcaxias\/wp-json\/wp\/v2\/comments?post=17318"}],"version-history":[{"count":31,"href":"https:\/\/animebuzz.com.br\/buzzcaxias\/wp-json\/wp\/v2\/pages\/17318\/revisions"}],"predecessor-version":[{"id":18042,"href":"https:\/\/animebuzz.com.br\/buzzcaxias\/wp-json\/wp\/v2\/pages\/17318\/revisions\/18042"}],"wp:attachment":[{"href":"https:\/\/animebuzz.com.br\/buzzcaxias\/wp-json\/wp\/v2\/media?parent=17318"}],"curies":[{"name":"wp","href":"https:\/\/api.w.org\/{rel}","templated":true}]}}